{"id":44,"date":"2025-11-08T13:53:50","date_gmt":"2025-11-08T13:53:50","guid":{"rendered":"https:\/\/ngucocnavanchinhhieu.com\/?page_id=44"},"modified":"2025-11-11T14:18:05","modified_gmt":"2025-11-11T14:18:05","slug":"lien-he","status":"publish","type":"page","link":"https:\/\/ngucocnavanchinhhieu.com\/index.php\/lien-he\/","title":{"rendered":"\u260e\ufe0f LI\u00caN H\u1ec6"},"content":{"rendered":"\n<p class=\"has-ast-global-color-0-color has-ast-global-color-6-background-color has-text-color has-background has-link-color has-small-font-size wp-elements-ec424296dbe848b5d1023fc0b63dff9b\" style=\"border-radius:10px\">\ud83c\udfc6 NAVAN &#8211; TOP 10 TH\u01af\u01a0NG HI\u1ec6U TIN C\u1eacY CH\u00c2U \u00c1 2025<\/p>\n\n\n\n<p>\ud83d\udcde HOTLINE: <a href=\"tel:0352047479\">0352 047 479<\/a><\/p>\n\n\n\n<p>\ud83d\udce7 Email: <a href=\"mailto:info@ngucocnavangiatruyen.com.vn\">info@ngucocnavangiatruyen.com.vn<\/a><\/p>\n\n\n\n<p>\ud83d\udc64 Ch\u1ecb Nguy\u1ec5n Th\u1ecb Ki\u1ec1u Trang &#8211; Gi\u00e1m \u0111\u1ed1c<\/p>\n\n\n\n<p>\ud83d\udd50 Gi\u1edd l\u00e0m vi\u1ec7c: 8:00-17:30 (Th\u1ee9 2 &#8211; Ch\u1ee7 Nh\u1eadt)<\/p>\n\n\n\n<p>\ud83d\udccd X\u01b0\u1edfng SX: 160, T\u1ed5 7, \u1ea4p Thanh Xu\u00e2n, X\u00e3 Thanh Ph\u00fa, Th\u1ecb X\u00e3 B\u00ecnh Long, T\u1ec9nh B\u00ecnh Ph\u01b0\u1edbc<\/p>\n\n\n\n<p> <a data-type=\"link\" data-id=\"https:\/\/maps.google.com\/?q=160+Thanh+Xu\u00e2n+Thanh+Ph\u00fa+B\u00ecnh+Long+B\u00ecnh+Ph\u01b0\u1edbc\" href=\"https:\/\/maps.google.com\/?q=160+Thanh+Xu\u00e2n+Thanh+Ph\u00fa+B\u00ecnh+Long+B\u00ecnh+Ph\u01b0\u1edbc\">https:\/\/maps.google.com\/?q=160+Thanh+Xu\u00e2n+Thanh+Ph\u00fa+B\u00ecnh+Long+B\u00ecnh+Ph\u01b0\u1edbc<\/a><\/p>\n\n\n\n<p>\ud83c\udf3e S\u1ea3n ph\u1ea9m: B\u1ed9t Ng\u0169 C\u1ed1c 9 Lo\u1ea1i H\u1ea1t Gia Truy\u1ec1n<br>\u2705 100% Thi\u00ean Nhi\u00ean &#8211; AVATEK Ch\u1ee9ng Nh\u1eadn<\/p>\n\n\n\n<p style=\"border-radius:10px\"><\/p>\n","protected":false},"excerpt":{"rendered":"<p>\ud83c\udfc6 NAVAN &#8211; TOP 10 TH\u01af\u01a0NG HI\u1ec6U TIN C\u1eacY CH\u00c2U \u00c1 2025 \ud83d\udcde HOTLINE: 0352 047 479 \ud83d\udce7 Email: info@ngucocnavangiatruyen.com.vn \ud83d\udc64 Ch\u1ecb Nguy\u1ec5n Th\u1ecb Ki\u1ec1u &hellip; <\/p>\n","protected":false},"author":1,"featured_media":0,"parent":0,"menu_order":0,"comment_status":"closed","ping_status":"closed","template":"","meta":{"footnotes":""},"class_list":["post-44","page","type-page","status-publish","hentry"],"aioseo_notices":[],"_links":{"self":[{"href":"https:\/\/ngucocnavanchinhhieu.com\/index.php\/wp-json\/wp\/v2\/pages\/44","targetHints":{"allow":["GET"]}}],"collection":[{"href":"https:\/\/ngucocnavanchinhhieu.com\/index.php\/wp-json\/wp\/v2\/pages"}],"about":[{"href":"https:\/\/ngucocnavanchinhhieu.com\/index.php\/wp-json\/wp\/v2\/types\/page"}],"author":[{"embeddable":true,"href":"https:\/\/ngucocnavanchinhhieu.com\/index.php\/wp-json\/wp\/v2\/users\/1"}],"replies":[{"embeddable":true,"href":"https:\/\/ngucocnavanchinhhieu.com\/index.php\/wp-json\/wp\/v2\/comments?post=44"}],"version-history":[{"count":1,"href":"https:\/\/ngucocnavanchinhhieu.com\/index.php\/wp-json\/wp\/v2\/pages\/44\/revisions"}],"predecessor-version":[{"id":45,"href":"https:\/\/ngucocnavanchinhhieu.com\/index.php\/wp-json\/wp\/v2\/pages\/44\/revisions\/45"}],"wp:attachment":[{"href":"https:\/\/ngucocnavanchinhhieu.com\/index.php\/wp-json\/wp\/v2\/media?parent=44"}],"curies":[{"name":"wp","href":"https:\/\/api.w.org\/{rel}","templated":true}]}}