{"id":47,"date":"2025-11-08T14:30:52","date_gmt":"2025-11-08T14:30:52","guid":{"rendered":"https:\/\/ngucocnavanchinhhieu.com\/?page_id=47"},"modified":"2026-03-09T08:22:23","modified_gmt":"2026-03-09T08:22:23","slug":"navan-bot-ngu-coc-gia-truyen-nguyen-chat-tu-9-loai-hat","status":"publish","type":"page","link":"https:\/\/ngucocnavanchinhhieu.com\/","title":{"rendered":"NG\u0168 C\u1ed0C NAVAN &#8211; DINH D\u01af\u1ee0NG NGUY\u00caN S\u01a0"},"content":{"rendered":"\n<figure class=\"wp-block-embed is-type-video is-provider-youtube wp-block-embed-youtube wp-embed-aspect-16-9 wp-has-aspect-ratio\"><div class=\"wp-block-embed__wrapper\">\n<iframe loading=\"lazy\" title=\"NAVAN - TOP 5 S\u1ea3n ph\u1ea9m Ng\u0169 c\u1ed1c ch\u1ea5t l\u01b0\u1ee3ng t\u1ed1t nh\u1ea5t Vi\u1ec7t Nam\" width=\"840\" height=\"473\" src=\"https:\/\/www.youtube.com\/embed\/8OxON8qY_DY?feature=oembed\" frameborder=\"0\" allow=\"accelerometer; autoplay; clipboard-write; encrypted-media; gyroscope; picture-in-picture; web-share\" referrerpolicy=\"strict-origin-when-cross-origin\" allowfullscreen><\/iframe>\n<\/div><\/figure>\n\n\n\n<h2 class=\"wp-block-heading has-text-align-center\"><mark style=\"background-color:rgba(0, 0, 0, 0)\" class=\"has-inline-color has-vivid-red-color\">S\u1ea2N PH\u1ea8M C\u1ee6A NAVAN<\/mark><\/h2>\n\n\n\n<div class=\"wp-block-columns is-layout-flex wp-container-core-columns-is-layout-9d6595d7 wp-block-columns-is-layout-flex\">\n<div class=\"wp-block-column is-layout-flow wp-block-column-is-layout-flow\">\n<figure class=\"wp-block-image size-full\"><img loading=\"lazy\" decoding=\"async\" width=\"919\" height=\"1024\" src=\"https:\/\/ngucocnavanchinhhieu.com\/wp-content\/uploads\/2025\/11\/image-2.png\" alt=\"\" class=\"wp-image-121\" srcset=\"https:\/\/ngucocnavanchinhhieu.com\/wp-content\/uploads\/2025\/11\/image-2.png 919w, https:\/\/ngucocnavanchinhhieu.com\/wp-content\/uploads\/2025\/11\/image-2-269x300.png 269w, https:\/\/ngucocnavanchinhhieu.com\/wp-content\/uploads\/2025\/11\/image-2-768x856.png 768w, https:\/\/ngucocnavanchinhhieu.com\/wp-content\/uploads\/2025\/11\/image-2-600x669.png 600w\" sizes=\"auto, (max-width: 919px) 100vw, 919px\" \/><\/figure>\n\n\n\n<h2 class=\"wp-block-heading has-text-align-center\"><mark style=\"background-color:rgba(0, 0, 0, 0)\" class=\"has-inline-color has-vivid-red-color\">Ng\u0169 c\u1ed1c Navan &#8211; G\u00f3i 800Gr<\/mark><\/h2>\n\n\n\n<div class=\"wp-block-buttons is-content-justification-center is-layout-flex wp-container-core-buttons-is-layout-16018d1d wp-block-buttons-is-layout-flex\">\n<div class=\"wp-block-button is-style-outline is-style-outline--1\"><a class=\"wp-block-button__link wp-element-button\"><strong><mark style=\"background-color:rgba(0, 0, 0, 0)\" class=\"has-inline-color has-vivid-red-color\">265.000<\/mark><\/strong><\/a><\/div>\n<\/div>\n\n\n\n<div class=\"wp-block-buttons is-content-justification-center is-layout-flex wp-container-core-buttons-is-layout-16018d1d wp-block-buttons-is-layout-flex\">\n<div class=\"wp-block-button is-style-outline is-style-outline--2\"><a class=\"wp-block-button__link has-text-align-center wp-element-button\" href=\"https:\/\/www.facebook.com\/navan.vn\"><strong><mark style=\"background-color:rgba(0, 0, 0, 0)\" class=\"has-inline-color has-vivid-cyan-blue-color\">MUA TR\u00caN FACEBOOK<\/mark><\/strong><\/a><\/div>\n<\/div>\n<\/div>\n\n\n\n<div class=\"wp-block-column is-layout-flow wp-block-column-is-layout-flow\">\n<figure class=\"wp-block-image size-full\"><img loading=\"lazy\" decoding=\"async\" width=\"919\" height=\"1024\" src=\"https:\/\/ngucocnavanchinhhieu.com\/wp-content\/uploads\/2025\/11\/image-2.png\" alt=\"\" class=\"wp-image-121\" srcset=\"https:\/\/ngucocnavanchinhhieu.com\/wp-content\/uploads\/2025\/11\/image-2.png 919w, https:\/\/ngucocnavanchinhhieu.com\/wp-content\/uploads\/2025\/11\/image-2-269x300.png 269w, https:\/\/ngucocnavanchinhhieu.com\/wp-content\/uploads\/2025\/11\/image-2-768x856.png 768w, https:\/\/ngucocnavanchinhhieu.com\/wp-content\/uploads\/2025\/11\/image-2-600x669.png 600w\" sizes=\"auto, (max-width: 919px) 100vw, 919px\" \/><\/figure>\n\n\n\n<h2 class=\"wp-block-heading has-text-align-center\"><mark style=\"background-color:rgba(0, 0, 0, 0)\" class=\"has-inline-color has-vivid-red-color\">Ng\u0169 c\u1ed1c Navan &#8211; H\u1ed9p 35 g\u00f3i<\/mark><\/h2>\n\n\n\n<div class=\"wp-block-buttons is-content-justification-center is-layout-flex wp-container-core-buttons-is-layout-16018d1d wp-block-buttons-is-layout-flex\">\n<div class=\"wp-block-button is-style-outline is-style-outline--3\"><a class=\"wp-block-button__link wp-element-button\"><strong><mark style=\"background-color:rgba(0, 0, 0, 0)\" class=\"has-inline-color has-vivid-red-color\">275.000<\/mark><\/strong><\/a><\/div>\n<\/div>\n\n\n\n<div class=\"wp-block-buttons is-content-justification-center is-layout-flex wp-container-core-buttons-is-layout-16018d1d wp-block-buttons-is-layout-flex\">\n<div class=\"wp-block-button is-style-outline is-style-outline--4\"><a class=\"wp-block-button__link has-text-align-center wp-element-button\" href=\"https:\/\/www.facebook.com\/navan.vn\"><strong><mark style=\"background-color:rgba(0, 0, 0, 0)\" class=\"has-inline-color has-vivid-cyan-blue-color\">MUA TR\u00caN FACEBOOK<\/mark><\/strong><\/a><\/div>\n<\/div>\n<\/div>\n<\/div>\n\n\n\n<h2 class=\"wp-block-heading has-text-align-center\"><mark style=\"background-color:rgba(0, 0, 0, 0)\" class=\"has-inline-color has-vivid-red-color\">C\u00c2U CHUY\u1ec6N C\u1ee6A NAVAN<\/mark><\/h2>\n\n\n\n<p>Su\u1ed1t nhi\u1ec1u th\u1eadp ni\u00ean ki\u00ean tr\u00ec v\u00e0 ph\u00e1t tri\u1ec3n c\u00f4ng th\u1ee9c gia truy\u1ec1n,<strong> Ng\u0169 C\u1ed1c NAVAN<\/strong> \u0111\u00e3 nh\u1eadn \u0111\u01b0\u1ee3c s\u1ef1 tin t\u01b0\u1edfng v\u00e0 \u1ee7ng h\u1ed9 c\u1ee7a h\u00e0ng tri\u1ec7u ng\u01b0\u1eddi ti\u00eau d\u00f9ng tr\u00ean kh\u1eafp Vi\u1ec7t Nam<\/p>\n\n\n\n<p>Ng\u0169 c\u1ed1c Navan \u0111\u01b0\u1ee3c ch\u1ebf bi\u1ebfn t\u1eeb c\u00f4ng th\u1ee9c gia truy\u1ec1n g\u1ed3m<strong>&nbsp;9 lo\u1ea1i h\u1ea1t kh\u00e1c<\/strong>&nbsp;nhau cho gi\u00e1 tr\u1ecb dinh d\u01b0\u1ee1ng cao c\u0169ng nh\u01b0 c\u00f3 nhi\u1ec1u t\u00e1c d\u1ee5ng r\u1ea5t t\u1ed1t cho s\u1ee9c kho\u1ebb, trong \u0111\u00f3 bao g\u1ed3m<\/p>\n\n\n\n<p>+&nbsp;<strong>N\u0103m lo\u1ea1i \u0111\u1eadu:&nbsp;<\/strong>\u0111\u1eadu \u0111\u1ecf h\u1ea1t nh\u1ecf, \u0111\u1eadu xanh, \u0111\u1eadu \u0111en xanh l\u00f2ng, \u0111\u1eadu tr\u1eafng nh\u1ecf h\u1ea1t, \u0111\u1eadu n\u00e0nh<\/p>\n\n\n\n<p><strong>+ B\u1ed1n lo\u1ea1i h\u1ea1t:<\/strong> M\u00e8 \u0111en, Macca, \u00d3c ch\u00f3, H\u1ea1t sen<\/p>\n\n\n\n<figure class=\"wp-block-image size-large\"><img loading=\"lazy\" decoding=\"async\" width=\"1024\" height=\"683\" src=\"https:\/\/ngucocnavanchinhhieu.com\/wp-content\/uploads\/2026\/03\/1BBF6055-8E1B-4129-805A-38E0FCB7D182-1024x683.jpeg\" alt=\"\" class=\"wp-image-172\" srcset=\"https:\/\/ngucocnavanchinhhieu.com\/wp-content\/uploads\/2026\/03\/1BBF6055-8E1B-4129-805A-38E0FCB7D182-1024x683.jpeg 1024w, https:\/\/ngucocnavanchinhhieu.com\/wp-content\/uploads\/2026\/03\/1BBF6055-8E1B-4129-805A-38E0FCB7D182-300x200.jpeg 300w, https:\/\/ngucocnavanchinhhieu.com\/wp-content\/uploads\/2026\/03\/1BBF6055-8E1B-4129-805A-38E0FCB7D182-768x512.jpeg 768w, https:\/\/ngucocnavanchinhhieu.com\/wp-content\/uploads\/2026\/03\/1BBF6055-8E1B-4129-805A-38E0FCB7D182-1536x1024.jpeg 1536w, https:\/\/ngucocnavanchinhhieu.com\/wp-content\/uploads\/2026\/03\/1BBF6055-8E1B-4129-805A-38E0FCB7D182-2048x1365.jpeg 2048w, https:\/\/ngucocnavanchinhhieu.com\/wp-content\/uploads\/2026\/03\/1BBF6055-8E1B-4129-805A-38E0FCB7D182-420x280.jpeg 420w, https:\/\/ngucocnavanchinhhieu.com\/wp-content\/uploads\/2026\/03\/1BBF6055-8E1B-4129-805A-38E0FCB7D182-600x400.jpeg 600w\" sizes=\"auto, (max-width: 1024px) 100vw, 1024px\" \/><\/figure>\n\n\n\n<h2 class=\"wp-block-heading has-text-align-center\"><mark style=\"background-color:rgba(0, 0, 0, 0)\" class=\"has-inline-color has-vivid-red-color\">GI\u1edaI THI\u1ec6U V\u1ec0 NAVAN<\/mark><\/h2>\n\n\n\n<figure class=\"wp-block-embed is-type-video is-provider-youtube wp-block-embed-youtube wp-embed-aspect-16-9 wp-has-aspect-ratio\"><div class=\"wp-block-embed__wrapper\">\n<iframe loading=\"lazy\" title=\"\ud83c\udfac TVC CH\u00cdNH TH\u1ee8C - NAVAN GIA TRUY\u1ec0N\" width=\"840\" height=\"473\" src=\"https:\/\/www.youtube.com\/embed\/sh6G7lFG0mI?start=2&#038;feature=oembed\" frameborder=\"0\" allow=\"accelerometer; autoplay; clipboard-write; encrypted-media; gyroscope; picture-in-picture; web-share\" referrerpolicy=\"strict-origin-when-cross-origin\" allowfullscreen><\/iframe>\n<\/div><\/figure>\n\n\n\n<h2 class=\"wp-block-heading has-text-align-center\"><mark style=\"background-color:rgba(0, 0, 0, 0)\" class=\"has-inline-color has-vivid-red-color\">CH\u1ee8NG NH\u1eacN C\u1ee6A NAVAN<\/mark><\/h2>\n\n\n\n<figure class=\"wp-block-gallery has-nested-images columns-default is-cropped wp-block-gallery-5 is-layout-flex wp-block-gallery-is-layout-flex\">\n<figure class=\"wp-block-image size-large\"><img loading=\"lazy\" decoding=\"async\" width=\"1024\" height=\"534\" data-id=\"173\" src=\"https:\/\/ngucocnavanchinhhieu.com\/wp-content\/uploads\/2026\/03\/Cac-loai-cup-1024x534-1.jpg\" alt=\"\" class=\"wp-image-173\" srcset=\"https:\/\/ngucocnavanchinhhieu.com\/wp-content\/uploads\/2026\/03\/Cac-loai-cup-1024x534-1.jpg 1024w, https:\/\/ngucocnavanchinhhieu.com\/wp-content\/uploads\/2026\/03\/Cac-loai-cup-1024x534-1-300x156.jpg 300w, https:\/\/ngucocnavanchinhhieu.com\/wp-content\/uploads\/2026\/03\/Cac-loai-cup-1024x534-1-768x401.jpg 768w, https:\/\/ngucocnavanchinhhieu.com\/wp-content\/uploads\/2026\/03\/Cac-loai-cup-1024x534-1-600x313.jpg 600w\" sizes=\"auto, (max-width: 1024px) 100vw, 1024px\" \/><\/figure>\n\n\n\n<figure class=\"wp-block-image size-large\"><img loading=\"lazy\" decoding=\"async\" width=\"687\" height=\"1024\" data-id=\"174\" src=\"https:\/\/ngucocnavanchinhhieu.com\/wp-content\/uploads\/2026\/03\/An-toan-thuc-pham-687x1024-1.jpg\" alt=\"\" class=\"wp-image-174\" srcset=\"https:\/\/ngucocnavanchinhhieu.com\/wp-content\/uploads\/2026\/03\/An-toan-thuc-pham-687x1024-1.jpg 687w, https:\/\/ngucocnavanchinhhieu.com\/wp-content\/uploads\/2026\/03\/An-toan-thuc-pham-687x1024-1-201x300.jpg 201w, https:\/\/ngucocnavanchinhhieu.com\/wp-content\/uploads\/2026\/03\/An-toan-thuc-pham-687x1024-1-600x894.jpg 600w\" sizes=\"auto, (max-width: 687px) 100vw, 687px\" \/><\/figure>\n\n\n\n<figure class=\"wp-block-image size-large\"><img loading=\"lazy\" decoding=\"async\" width=\"686\" height=\"1024\" data-id=\"175\" src=\"https:\/\/ngucocnavanchinhhieu.com\/wp-content\/uploads\/2026\/03\/nhan-hieu-doc-quyen-686x1024-1.jpg\" alt=\"\" class=\"wp-image-175\" srcset=\"https:\/\/ngucocnavanchinhhieu.com\/wp-content\/uploads\/2026\/03\/nhan-hieu-doc-quyen-686x1024-1.jpg 686w, https:\/\/ngucocnavanchinhhieu.com\/wp-content\/uploads\/2026\/03\/nhan-hieu-doc-quyen-686x1024-1-201x300.jpg 201w, https:\/\/ngucocnavanchinhhieu.com\/wp-content\/uploads\/2026\/03\/nhan-hieu-doc-quyen-686x1024-1-600x896.jpg 600w\" sizes=\"auto, (max-width: 686px) 100vw, 686px\" \/><\/figure>\n\n\n\n<figure class=\"wp-block-image size-large\"><img loading=\"lazy\" decoding=\"async\" width=\"1024\" height=\"888\" data-id=\"176\" src=\"https:\/\/ngucocnavanchinhhieu.com\/wp-content\/uploads\/2026\/03\/Thuong-hieu-manh-quoc-gia-1024x888-1.jpg\" alt=\"\" class=\"wp-image-176\" srcset=\"https:\/\/ngucocnavanchinhhieu.com\/wp-content\/uploads\/2026\/03\/Thuong-hieu-manh-quoc-gia-1024x888-1.jpg 1024w, https:\/\/ngucocnavanchinhhieu.com\/wp-content\/uploads\/2026\/03\/Thuong-hieu-manh-quoc-gia-1024x888-1-300x260.jpg 300w, https:\/\/ngucocnavanchinhhieu.com\/wp-content\/uploads\/2026\/03\/Thuong-hieu-manh-quoc-gia-1024x888-1-768x666.jpg 768w, https:\/\/ngucocnavanchinhhieu.com\/wp-content\/uploads\/2026\/03\/Thuong-hieu-manh-quoc-gia-1024x888-1-600x520.jpg 600w\" sizes=\"auto, (max-width: 1024px) 100vw, 1024px\" \/><\/figure>\n\n\n\n<figure class=\"wp-block-image size-large\"><img loading=\"lazy\" decoding=\"async\" width=\"600\" height=\"538\" data-id=\"177\" src=\"https:\/\/ngucocnavanchinhhieu.com\/wp-content\/uploads\/2026\/03\/Thuong-hieu-tin-nhiem-hang-dau-Chau-a-.png\" alt=\"\" class=\"wp-image-177\" srcset=\"https:\/\/ngucocnavanchinhhieu.com\/wp-content\/uploads\/2026\/03\/Thuong-hieu-tin-nhiem-hang-dau-Chau-a-.png 600w, https:\/\/ngucocnavanchinhhieu.com\/wp-content\/uploads\/2026\/03\/Thuong-hieu-tin-nhiem-hang-dau-Chau-a--300x269.png 300w\" sizes=\"auto, (max-width: 600px) 100vw, 600px\" \/><\/figure>\n<\/figure>\n\n\n\n<h2 class=\"wp-block-heading has-text-align-center\"><mark style=\"background-color:rgba(0, 0, 0, 0)\" class=\"has-inline-color has-vivid-red-color\">KH\u00c1CH H\u00c0NG C\u1ee6A NAVAN<\/mark><\/h2>\n\n\n\n<figure class=\"wp-block-gallery has-nested-images columns-default is-cropped wp-block-gallery-6 is-layout-flex wp-block-gallery-is-layout-flex\">\n<figure class=\"wp-block-image size-large\"><img loading=\"lazy\" decoding=\"async\" width=\"600\" height=\"920\" data-id=\"178\" src=\"https:\/\/ngucocnavanchinhhieu.com\/wp-content\/uploads\/2026\/03\/156479631_1534900963367175_7722315160043782752_n-600x920-1.jpg\" alt=\"\" class=\"wp-image-178\" srcset=\"https:\/\/ngucocnavanchinhhieu.com\/wp-content\/uploads\/2026\/03\/156479631_1534900963367175_7722315160043782752_n-600x920-1.jpg 600w, https:\/\/ngucocnavanchinhhieu.com\/wp-content\/uploads\/2026\/03\/156479631_1534900963367175_7722315160043782752_n-600x920-1-196x300.jpg 196w\" sizes=\"auto, (max-width: 600px) 100vw, 600px\" \/><\/figure>\n\n\n\n<figure class=\"wp-block-image size-large\"><img loading=\"lazy\" decoding=\"async\" width=\"768\" height=\"861\" data-id=\"182\" src=\"https:\/\/ngucocnavanchinhhieu.com\/wp-content\/uploads\/2026\/03\/313429319_168221092488583_2370505435604920955_n-768x861-1.jpg\" alt=\"\" class=\"wp-image-182\" srcset=\"https:\/\/ngucocnavanchinhhieu.com\/wp-content\/uploads\/2026\/03\/313429319_168221092488583_2370505435604920955_n-768x861-1.jpg 768w, https:\/\/ngucocnavanchinhhieu.com\/wp-content\/uploads\/2026\/03\/313429319_168221092488583_2370505435604920955_n-768x861-1-268x300.jpg 268w, https:\/\/ngucocnavanchinhhieu.com\/wp-content\/uploads\/2026\/03\/313429319_168221092488583_2370505435604920955_n-768x861-1-600x673.jpg 600w\" sizes=\"auto, (max-width: 768px) 100vw, 768px\" \/><\/figure>\n\n\n\n<figure class=\"wp-block-image size-large\"><img loading=\"lazy\" decoding=\"async\" width=\"300\" height=\"262\" data-id=\"179\" src=\"https:\/\/ngucocnavanchinhhieu.com\/wp-content\/uploads\/2026\/03\/b7cb2e6aa1da788421cb25-300x262-1.jpg\" alt=\"\" class=\"wp-image-179\"\/><\/figure>\n\n\n\n<figure class=\"wp-block-image size-large\"><img loading=\"lazy\" decoding=\"async\" width=\"768\" height=\"847\" data-id=\"185\" src=\"https:\/\/ngucocnavanchinhhieu.com\/wp-content\/uploads\/2026\/03\/cf6a046b8cdb55850cca22-768x847-1.jpg\" alt=\"\" class=\"wp-image-185\" srcset=\"https:\/\/ngucocnavanchinhhieu.com\/wp-content\/uploads\/2026\/03\/cf6a046b8cdb55850cca22-768x847-1.jpg 768w, https:\/\/ngucocnavanchinhhieu.com\/wp-content\/uploads\/2026\/03\/cf6a046b8cdb55850cca22-768x847-1-272x300.jpg 272w, https:\/\/ngucocnavanchinhhieu.com\/wp-content\/uploads\/2026\/03\/cf6a046b8cdb55850cca22-768x847-1-600x662.jpg 600w\" sizes=\"auto, (max-width: 768px) 100vw, 768px\" \/><\/figure>\n\n\n\n<figure class=\"wp-block-image size-large\"><img loading=\"lazy\" decoding=\"async\" width=\"600\" height=\"748\" data-id=\"183\" src=\"https:\/\/ngucocnavanchinhhieu.com\/wp-content\/uploads\/2026\/03\/cong-dung-ngu-coc-navan.jpg\" alt=\"\" class=\"wp-image-183\" srcset=\"https:\/\/ngucocnavanchinhhieu.com\/wp-content\/uploads\/2026\/03\/cong-dung-ngu-coc-navan.jpg 600w, https:\/\/ngucocnavanchinhhieu.com\/wp-content\/uploads\/2026\/03\/cong-dung-ngu-coc-navan-241x300.jpg 241w\" sizes=\"auto, (max-width: 600px) 100vw, 600px\" \/><\/figure>\n\n\n\n<figure class=\"wp-block-image size-large\"><img loading=\"lazy\" decoding=\"async\" width=\"300\" height=\"300\" data-id=\"181\" src=\"https:\/\/ngucocnavanchinhhieu.com\/wp-content\/uploads\/2026\/03\/ngu-coc-7-loai-dau-navan-07-300x300-1.jpg\" alt=\"\" class=\"wp-image-181\" srcset=\"https:\/\/ngucocnavanchinhhieu.com\/wp-content\/uploads\/2026\/03\/ngu-coc-7-loai-dau-navan-07-300x300-1.jpg 300w, https:\/\/ngucocnavanchinhhieu.com\/wp-content\/uploads\/2026\/03\/ngu-coc-7-loai-dau-navan-07-300x300-1-150x150.jpg 150w, https:\/\/ngucocnavanchinhhieu.com\/wp-content\/uploads\/2026\/03\/ngu-coc-7-loai-dau-navan-07-300x300-1-100x100.jpg 100w\" sizes=\"auto, (max-width: 300px) 100vw, 300px\" \/><\/figure>\n\n\n\n<figure class=\"wp-block-image size-large\"><img loading=\"lazy\" decoding=\"async\" width=\"286\" height=\"300\" data-id=\"180\" src=\"https:\/\/ngucocnavanchinhhieu.com\/wp-content\/uploads\/2026\/03\/ngu-coc-nanvan-loi-sua-286x300-1.jpg\" alt=\"\" class=\"wp-image-180\"\/><\/figure>\n\n\n\n<figure class=\"wp-block-image size-large\"><img loading=\"lazy\" decoding=\"async\" width=\"768\" height=\"1024\" data-id=\"184\" src=\"https:\/\/ngucocnavanchinhhieu.com\/wp-content\/uploads\/2026\/03\/z2812679195684_85d21f6ca5db57cc7bc93fd09c4ffd31-768x1024-1.jpg\" alt=\"\" class=\"wp-image-184\" srcset=\"https:\/\/ngucocnavanchinhhieu.com\/wp-content\/uploads\/2026\/03\/z2812679195684_85d21f6ca5db57cc7bc93fd09c4ffd31-768x1024-1.jpg 768w, https:\/\/ngucocnavanchinhhieu.com\/wp-content\/uploads\/2026\/03\/z2812679195684_85d21f6ca5db57cc7bc93fd09c4ffd31-768x1024-1-225x300.jpg 225w, https:\/\/ngucocnavanchinhhieu.com\/wp-content\/uploads\/2026\/03\/z2812679195684_85d21f6ca5db57cc7bc93fd09c4ffd31-768x1024-1-600x800.jpg 600w\" sizes=\"auto, (max-width: 768px) 100vw, 768px\" \/><\/figure>\n<\/figure>\n\n\n\n<h2 class=\"wp-block-heading has-text-align-center\"><mark style=\"background-color:rgba(0, 0, 0, 0)\" class=\"has-inline-color has-vivid-red-color\">HO\u1ea0T \u0110\u1ed8NG C\u1ee6A NAVAN<\/mark><\/h2>\n\n\n\n<div class=\"wp-block-columns is-layout-flex wp-container-core-columns-is-layout-9d6595d7 wp-block-columns-is-layout-flex\">\n<div class=\"wp-block-column is-layout-flow wp-block-column-is-layout-flow\">\n<figure class=\"wp-block-image size-full\"><img loading=\"lazy\" decoding=\"async\" width=\"741\" height=\"417\" src=\"https:\/\/ngucocnavanchinhhieu.com\/wp-content\/uploads\/2026\/03\/Anh-bia-2_-1.png\" alt=\"\" class=\"wp-image-187\" srcset=\"https:\/\/ngucocnavanchinhhieu.com\/wp-content\/uploads\/2026\/03\/Anh-bia-2_-1.png 741w, https:\/\/ngucocnavanchinhhieu.com\/wp-content\/uploads\/2026\/03\/Anh-bia-2_-1-300x169.png 300w, https:\/\/ngucocnavanchinhhieu.com\/wp-content\/uploads\/2026\/03\/Anh-bia-2_-1-600x338.png 600w\" sizes=\"auto, (max-width: 741px) 100vw, 741px\" \/><\/figure>\n<\/div>\n\n\n\n<div class=\"wp-block-column is-layout-flow wp-block-column-is-layout-flow\">\n<h2 class=\"wp-block-heading\"><mark style=\"background-color:rgba(0, 0, 0, 0)\" class=\"has-inline-color has-vivid-red-color\">NAVAN lan t\u1ecfa gi\u00e1 tr\u1ecb Vi\u1ec7t t\u1ea1i ABIS 2025 \u2013 H\u00e0nh tr\u00ecnh H\u1ea1t Vi\u1ec7t v\u01b0\u01a1n t\u1ea7m khu v\u1ef1c<\/mark><\/h2>\n\n\n\n<div class=\"wp-block-buttons is-content-justification-center is-layout-flex wp-container-core-buttons-is-layout-16018d1d wp-block-buttons-is-layout-flex\">\n<div class=\"wp-block-button is-style-outline is-style-outline--7\"><a class=\"wp-block-button__link has-text-align-center wp-element-button\" href=\"https:\/\/ngucocnavangiatruyen.com.vn\/navan-tai-abis-2025-hat-viet-vuon-tam-khu-vuc\/\"><mark style=\"background-color:rgba(0, 0, 0, 0)\" class=\"has-inline-color has-vivid-red-color\">\u0110\u1eccC TH\u00caM<\/mark><\/a><\/div>\n<\/div>\n<\/div>\n<\/div>\n\n\n\n<div class=\"wp-block-columns is-layout-flex wp-container-core-columns-is-layout-9d6595d7 wp-block-columns-is-layout-flex\">\n<div class=\"wp-block-column is-layout-flow wp-block-column-is-layout-flow\">\n<figure class=\"wp-block-image size-large\"><img loading=\"lazy\" decoding=\"async\" width=\"1024\" height=\"682\" src=\"https:\/\/ngucocnavanchinhhieu.com\/wp-content\/uploads\/2026\/03\/z6979058964445_6c8f8ce56cf483430ab770a9301d9f1e-1024x682.jpg\" alt=\"\" class=\"wp-image-188\" srcset=\"https:\/\/ngucocnavanchinhhieu.com\/wp-content\/uploads\/2026\/03\/z6979058964445_6c8f8ce56cf483430ab770a9301d9f1e-1024x682.jpg 1024w, https:\/\/ngucocnavanchinhhieu.com\/wp-content\/uploads\/2026\/03\/z6979058964445_6c8f8ce56cf483430ab770a9301d9f1e-300x200.jpg 300w, https:\/\/ngucocnavanchinhhieu.com\/wp-content\/uploads\/2026\/03\/z6979058964445_6c8f8ce56cf483430ab770a9301d9f1e-768x512.jpg 768w, https:\/\/ngucocnavanchinhhieu.com\/wp-content\/uploads\/2026\/03\/z6979058964445_6c8f8ce56cf483430ab770a9301d9f1e-420x280.jpg 420w, https:\/\/ngucocnavanchinhhieu.com\/wp-content\/uploads\/2026\/03\/z6979058964445_6c8f8ce56cf483430ab770a9301d9f1e-600x400.jpg 600w, https:\/\/ngucocnavanchinhhieu.com\/wp-content\/uploads\/2026\/03\/z6979058964445_6c8f8ce56cf483430ab770a9301d9f1e.jpg 1280w\" sizes=\"auto, (max-width: 1024px) 100vw, 1024px\" \/><\/figure>\n<\/div>\n\n\n\n<div class=\"wp-block-column is-layout-flow wp-block-column-is-layout-flow\">\n<h2 class=\"wp-block-heading\"><mark style=\"background-color:rgba(0, 0, 0, 0)\" class=\"has-inline-color has-vivid-red-color\">B\u1ed9t Ng\u0169 C\u1ed1c Navan Gia Truy\u1ec1n \u0111\u1ea1t gi\u1ea3i th\u01b0\u1edfng Top 10 Th\u01b0\u01a1ng hi\u1ec7u m\u1ea1nh Qu\u1ed1c gia 2025<\/mark><\/h2>\n\n\n\n<div class=\"wp-block-buttons is-content-justification-center is-layout-flex wp-container-core-buttons-is-layout-16018d1d wp-block-buttons-is-layout-flex\">\n<div class=\"wp-block-button is-style-outline is-style-outline--8\"><a class=\"wp-block-button__link has-text-align-center wp-element-button\" href=\"https:\/\/ngucocnavangiatruyen.com.vn\/bot-ngu-coc-navan-gia-truyen-dat-giai-thuong-top-10-thuong-hieu-manh-quoc-gia-2025\/\"><mark style=\"background-color:rgba(0, 0, 0, 0)\" class=\"has-inline-color has-vivid-red-color\">\u0110\u1eccC TH\u00caM<\/mark><\/a><\/div>\n<\/div>\n<\/div>\n<\/div>\n\n\n\n<div class=\"wp-block-columns is-layout-flex wp-container-core-columns-is-layout-9d6595d7 wp-block-columns-is-layout-flex\">\n<div class=\"wp-block-column is-layout-flow wp-block-column-is-layout-flow\">\n<figure class=\"wp-block-image size-full\"><img loading=\"lazy\" decoding=\"async\" width=\"1024\" height=\"538\" src=\"https:\/\/ngucocnavanchinhhieu.com\/wp-content\/uploads\/2025\/11\/image-22.png\" alt=\"9 lo\u1ea1i h\u1ea1t ng\u0169 c\u1ed1c v\u00e0ng NAVAN b\u00ed quy\u1ebft s\u1ed1ng kh\u1ecfe\" class=\"wp-image-150\" srcset=\"https:\/\/ngucocnavanchinhhieu.com\/wp-content\/uploads\/2025\/11\/image-22.png 1024w, https:\/\/ngucocnavanchinhhieu.com\/wp-content\/uploads\/2025\/11\/image-22-300x158.png 300w, https:\/\/ngucocnavanchinhhieu.com\/wp-content\/uploads\/2025\/11\/image-22-768x404.png 768w, https:\/\/ngucocnavanchinhhieu.com\/wp-content\/uploads\/2025\/11\/image-22-600x315.png 600w\" sizes=\"auto, (max-width: 1024px) 100vw, 1024px\" \/><\/figure>\n<\/div>\n\n\n\n<div class=\"wp-block-column is-layout-flow wp-block-column-is-layout-flow\">\n<h2 class=\"wp-block-heading\"><mark style=\"background-color:rgba(0, 0, 0, 0)\" class=\"has-inline-color has-vivid-red-color\">TOP 9 H\u1ea1t V\u00e0ng \u2013 99,9% B\u00e1c S\u0129 Khuy\u00ean D\u00f9ng<\/mark><\/h2>\n\n\n\n<div class=\"wp-block-buttons is-content-justification-center is-layout-flex wp-container-core-buttons-is-layout-16018d1d wp-block-buttons-is-layout-flex\">\n<div class=\"wp-block-button is-style-outline is-style-outline--9\"><a class=\"wp-block-button__link wp-element-button\" href=\"https:\/\/ngucocnavangiatruyen.com.vn\/top-9-hat-vang-999-bac-si-khuyen-dung\/\"><mark style=\"background-color:rgba(0, 0, 0, 0)\" class=\"has-inline-color has-vivid-red-color\"><strong>\u0110\u1eccC TH\u00caM<\/strong><\/mark><\/a><\/div>\n<\/div>\n<\/div>\n<\/div>\n\n\n\n<div class=\"wp-block-columns is-layout-flex wp-container-core-columns-is-layout-9d6595d7 wp-block-columns-is-layout-flex\">\n<div class=\"wp-block-column is-layout-flow wp-block-column-is-layout-flow\"><\/div>\n\n\n\n<div class=\"wp-block-column is-layout-flow wp-block-column-is-layout-flow\"><\/div>\n<\/div>\n\n\n\n<div class=\"wp-block-columns is-layout-flex wp-container-core-columns-is-layout-9d6595d7 wp-block-columns-is-layout-flex\">\n<div class=\"wp-block-column is-layout-flow wp-block-column-is-layout-flow\"><h4 class=\"wp-block-post-title\">NG\u0168 C\u1ed0C NAVAN &#8211; DINH D\u01af\u1ee0NG NGUY\u00caN S\u01a0<\/h4>\n\n\n<p><strong>Nh\u00e0 m\u00e1y:<\/strong> T\u1ed5 7, \u1ea5p Thanh Xu\u00e2n, Ph\u01b0\u1eddng An L\u1ed9c, T\u1ec9nh \u0110\u1ed3ng Nai<\/p>\n\n\n\n<p><strong>VP HCM:<\/strong> CC Tecco &#8211; 287 Phan V\u0103n H\u1edbn, P. \u0110\u00f4ng H\u01b0ng Thu\u1eadn<\/p>\n\n\n\n<p><\/p>\n<\/div>\n\n\n\n<div class=\"wp-block-column is-layout-flow wp-block-column-is-layout-flow\">\n<h4 class=\"wp-block-heading\">Hotline<\/h4>\n\n\n\n<p><strong>Kh\u1ed1i KD: <\/strong>098 222 7339<\/p>\n\n\n\n<p>Kh\u1ed1i SX:<\/p>\n<\/div>\n\n\n\n<div class=\"wp-block-column is-layout-flow wp-block-column-is-layout-flow\">\n<h4 class=\"wp-block-heading\">M\u1ea0NG X\u00c3 H\u1ed8I<\/h4>\n\n\n\n<ul class=\"wp-block-social-links is-layout-flex wp-block-social-links-is-layout-flex\"><\/ul>\n<\/div>\n<\/div>\n","protected":false},"excerpt":{"rendered":"<p>S\u1ea2N PH\u1ea8M C\u1ee6A NAVAN Ng\u0169 c\u1ed1c Navan &#8211; G\u00f3i 800Gr Ng\u0169 c\u1ed1c Navan &#8211; H\u1ed9p 35 g\u00f3i C\u00c2U CHUY\u1ec6N C\u1ee6A NAVAN Su\u1ed1t nhi\u1ec1u th\u1eadp ni\u00ean &hellip; <\/p>\n","protected":false},"author":1,"featured_media":30,"parent":0,"menu_order":0,"comment_status":"closed","ping_status":"closed","template":"","meta":{"footnotes":""},"class_list":["post-47","page","type-page","status-publish","has-post-thumbnail","hentry"],"aioseo_notices":[],"_links":{"self":[{"href":"https:\/\/ngucocnavanchinhhieu.com\/index.php\/wp-json\/wp\/v2\/pages\/47","targetHints":{"allow":["GET"]}}],"collection":[{"href":"https:\/\/ngucocnavanchinhhieu.com\/index.php\/wp-json\/wp\/v2\/pages"}],"about":[{"href":"https:\/\/ngucocnavanchinhhieu.com\/index.php\/wp-json\/wp\/v2\/types\/page"}],"author":[{"embeddable":true,"href":"https:\/\/ngucocnavanchinhhieu.com\/index.php\/wp-json\/wp\/v2\/users\/1"}],"replies":[{"embeddable":true,"href":"https:\/\/ngucocnavanchinhhieu.com\/index.php\/wp-json\/wp\/v2\/comments?post=47"}],"version-history":[{"count":5,"href":"https:\/\/ngucocnavanchinhhieu.com\/index.php\/wp-json\/wp\/v2\/pages\/47\/revisions"}],"predecessor-version":[{"id":191,"href":"https:\/\/ngucocnavanchinhhieu.com\/index.php\/wp-json\/wp\/v2\/pages\/47\/revisions\/191"}],"wp:featuredmedia":[{"embeddable":true,"href":"https:\/\/ngucocnavanchinhhieu.com\/index.php\/wp-json\/wp\/v2\/media\/30"}],"wp:attachment":[{"href":"https:\/\/ngucocnavanchinhhieu.com\/index.php\/wp-json\/wp\/v2\/media?parent=47"}],"curies":[{"name":"wp","href":"https:\/\/api.w.org\/{rel}","templated":true}]}}